{"id":1416,"date":"2016-09-21T11:20:41","date_gmt":"2016-09-21T10:20:41","guid":{"rendered":"https:\/\/ok2haz.ok2kld.cz\/ok2haz\/?page_id=1416"},"modified":"2019-11-09T14:59:16","modified_gmt":"2019-11-09T13:59:16","slug":"servis-ham","status":"publish","type":"page","link":"https:\/\/ok2haz.ok2kld.cz\/ok2haz\/servis-ham\/","title":{"rendered":"Opravy HAM radiostanic"},"content":{"rendered":"<p>V sou\u010dasn\u00e9 dob\u011b bohu\u017eel nep\u0159ij\u00edm\u00e1m dal\u0161\u00ed opravy&#8230;<\/p>\n<p>N\u011bkolik obr\u00e1zk\u016f m\u00e9ho z\u00e1zem\u00ed&#8230;<\/p>\n<p><a href=\"http:\/\/ok2haz.ok2kld.cz\/ok2haz\/wp-content\/uploads\/2014\/12\/CIMG1721.jpg\"><img loading=\"lazy\" decoding=\"async\" class=\"alignnone wp-image-185 size-thumbnail\" src=\"https:\/\/ok2haz.ok2kld.cz\/ok2haz\/wp-content\/uploads\/2014\/12\/CIMG1721-150x150.jpg\" alt=\"CIMG1721\" width=\"150\" height=\"150\" \/><\/a> <a href=\"http:\/\/ok2haz.ok2kld.cz\/ok2haz\/wp-content\/uploads\/2014\/12\/CIMG1697.jpg\"><img loading=\"lazy\" decoding=\"async\" class=\"alignnone wp-image-184 size-thumbnail\" src=\"https:\/\/ok2haz.ok2kld.cz\/ok2haz\/wp-content\/uploads\/2014\/12\/CIMG1697-150x150.jpg\" alt=\"CIMG1697\" width=\"150\" height=\"150\" \/><\/a> <a href=\"http:\/\/ok2haz.ok2kld.cz\/ok2haz\/wp-content\/uploads\/2014\/12\/CIMG1696.jpg\"><img loading=\"lazy\" decoding=\"async\" class=\"alignnone wp-image-183 size-thumbnail\" src=\"https:\/\/ok2haz.ok2kld.cz\/ok2haz\/wp-content\/uploads\/2014\/12\/CIMG1696-150x150.jpg\" alt=\"CIMG1696\" width=\"150\" height=\"150\" \/><\/a><\/p>\n<p><a href=\"https:\/\/ok2haz.ok2kld.cz\/ok2haz\/wp-content\/uploads\/2018\/06\/DSCN3323.jpg\" target=\"_blank\" rel=\"noopener noreferrer\"><img loading=\"lazy\" decoding=\"async\" class=\"alignleft wp-image-1983 size-large\" src=\"https:\/\/ok2haz.ok2kld.cz\/ok2haz\/wp-content\/uploads\/2018\/06\/DSCN3323-1600x1200.jpg\" alt=\"\" width=\"678\" height=\"509\" srcset=\"https:\/\/ok2haz.ok2kld.cz\/ok2haz\/wp-content\/uploads\/2018\/06\/DSCN3323-1600x1200.jpg 1600w, https:\/\/ok2haz.ok2kld.cz\/ok2haz\/wp-content\/uploads\/2018\/06\/DSCN3323-300x225.jpg 300w, https:\/\/ok2haz.ok2kld.cz\/ok2haz\/wp-content\/uploads\/2018\/06\/DSCN3323-768x576.jpg 768w, https:\/\/ok2haz.ok2kld.cz\/ok2haz\/wp-content\/uploads\/2018\/06\/DSCN3323.jpg 2048w\" sizes=\"auto, (max-width: 678px) 100vw, 678px\" \/><\/a><\/p>\n<p>Spektr\u00e1ln\u00ed analyz\u00e1tor &#8211; Rohde&amp;Schwarz FSB &#8211; 100Hz &#8211; 5,2GHz<\/p>\n<p>Spektr\u00e1ln\u00ed analyz\u00e1tor s tracking gener\u00e1torem 50kHz &#8211; 3,2GHz (Scotty spectrum analyser)<\/p>\n<p>Vf gener\u00e1tor G4-116 do 300MHz<\/p>\n<p>Osciloskop Rohde &amp; Schwarz HMO1002 &#8211; 1Gsps\/50MHz (MSO)<\/p>\n<p>Laboratorn\u00ed zdroj &#8211; LPS-450W (Rozli\u0161en\u00ed 1mV\/0,1mA)<\/p>\n<p>Multimetr 4,5 m\u00edstn\u00fd UNI-T61e<\/p>\n<p>Multimetr 5,5 m\u00edstn\u00fd Fluke8842A<\/p>\n<p>D\u00e1le m\u00e1m k dispozici 3D tisk\u00e1rnu Pr\u016f\u0161a MK3 a CNC fr\u00e9zku vlastn\u00ed konstrukce&#8230;<\/p>\n<p><em>Na z\u00e1v\u011br p\u0159ikl\u00e1d\u00e1m seznam \u00fasp\u011b\u0161n\u011b servisovan\u00fdch za\u0159\u00edzen\u00ed:<\/em><\/p>\n\n<table id=\"tablepress-4\" class=\"tablepress tablepress-id-4\">\n<thead>\n<tr class=\"row-1\">\n\t<th class=\"column-1\">No.<\/th><th class=\"column-2\">Motorola<\/th><th class=\"column-3\">Icom<\/th><th class=\"column-4\">Kenwood<\/th><th class=\"column-5\">Yaesu<\/th><th class=\"column-6\">Ostatn\u00ed<\/th>\n<\/tr>\n<\/thead>\n<tbody class=\"row-striping row-hover\">\n<tr class=\"row-2\">\n\t<td class=\"column-1\">1<\/td><td class=\"column-2\">Visar<\/td><td class=\"column-3\">IC-275<\/td><td class=\"column-4\">TS-140<\/td><td class=\"column-5\">VX-1R<\/td><td class=\"column-6\">Allamat 295<\/td>\n<\/tr>\n<tr class=\"row-3\">\n\t<td class=\"column-1\">2<\/td><td class=\"column-2\">P110<\/td><td class=\"column-3\">IC-475<\/td><td class=\"column-4\">TS-430<\/td><td class=\"column-5\">VX-3R<\/td><td class=\"column-6\">Allamat 93<\/td>\n<\/tr>\n<tr class=\"row-4\">\n\t<td class=\"column-1\">3<\/td><td class=\"column-2\">P040<\/td><td class=\"column-3\">IC-706MK<\/td><td class=\"column-4\">TS-440S<\/td><td class=\"column-5\">VX-5R<\/td><td class=\"column-6\">RL-102<\/td>\n<\/tr>\n<tr class=\"row-5\">\n\t<td class=\"column-1\">4<\/td><td class=\"column-2\">P080<\/td><td class=\"column-3\">IC-706MKIIG<\/td><td class=\"column-4\">TS-450S<\/td><td class=\"column-5\">VX-7R<\/td><td class=\"column-6\">RL-103<\/td>\n<\/tr>\n<tr class=\"row-6\">\n\t<td class=\"column-1\">5<\/td><td class=\"column-2\">GP300<\/td><td class=\"column-3\">IC-781<\/td><td class=\"column-4\">TS-850S<\/td><td class=\"column-5\">VX-8R<\/td><td class=\"column-6\">Boub\u00edn 80<\/td>\n<\/tr>\n<tr class=\"row-7\">\n\t<td class=\"column-1\">6<\/td><td class=\"column-2\">GP344<\/td><td class=\"column-3\">IC-7000<\/td><td class=\"column-4\">TS-2000<\/td><td class=\"column-5\">VX-150<\/td><td class=\"column-6\">Otava 79<\/td>\n<\/tr>\n<tr class=\"row-8\">\n\t<td class=\"column-1\">7<\/td><td class=\"column-2\">GP320<\/td><td class=\"column-3\">IC-A24\/E<\/td><td class=\"column-4\">TS-50<\/td><td class=\"column-5\">VX-350<\/td><td class=\"column-6\">mcHF QRP SDR<\/td>\n<\/tr>\n<tr class=\"row-9\">\n\t<td class=\"column-1\">8<\/td><td class=\"column-2\">GP340<\/td><td class=\"column-3\">IC-A6\/E<\/td><td class=\"column-4\">TS-690<\/td><td class=\"column-5\">FT-817<\/td><td class=\"column-6\">Elecraft KX-3<\/td>\n<\/tr>\n<tr class=\"row-10\">\n\t<td class=\"column-1\">9<\/td><td class=\"column-2\">GP380<\/td><td class=\"column-3\">IC-7100<\/td><td class=\"column-4\">TK-378<\/td><td class=\"column-5\">FT-857<\/td><td class=\"column-6\">Onkyo T-9090II<\/td>\n<\/tr>\n<tr class=\"row-11\">\n\t<td class=\"column-1\">10<\/td><td class=\"column-2\">GP1280<\/td><td class=\"column-3\">AT-180<\/td><td class=\"column-4\">TH-28E<\/td><td class=\"column-5\">FT-897<\/td><td class=\"column-6\">Xiegu G-90<\/td>\n<\/tr>\n<tr class=\"row-12\">\n\t<td class=\"column-1\">11<\/td><td class=\"column-2\">GM300<\/td><td class=\"column-3\">IC-7300<\/td><td class=\"column-4\">TR-751E<\/td><td class=\"column-5\">FT-840<\/td><td class=\"column-6\"><\/td>\n<\/tr>\n<tr class=\"row-13\">\n\t<td class=\"column-1\">12<\/td><td class=\"column-2\">GM340<\/td><td class=\"column-3\"><\/td><td class=\"column-4\">TS-940SAT<\/td><td class=\"column-5\">FT-736<\/td><td class=\"column-6\"><\/td>\n<\/tr>\n<tr class=\"row-14\">\n\t<td class=\"column-1\">13<\/td><td class=\"column-2\">GM350<\/td><td class=\"column-3\"><\/td><td class=\"column-4\"><\/td><td class=\"column-5\">FT-901<\/td><td class=\"column-6\"><\/td>\n<\/tr>\n<tr class=\"row-15\">\n\t<td class=\"column-1\">14<\/td><td class=\"column-2\">GM360<\/td><td class=\"column-3\"><\/td><td class=\"column-4\"><\/td><td class=\"column-5\">DR-1X<\/td><td class=\"column-6\"><\/td>\n<\/tr>\n<tr class=\"row-16\">\n\t<td class=\"column-1\">15<\/td><td class=\"column-2\">GM380<\/td><td class=\"column-3\"><\/td><td class=\"column-4\"><\/td><td class=\"column-5\">FTM-400DE<\/td><td class=\"column-6\"><\/td>\n<\/tr>\n<tr class=\"row-17\">\n\t<td class=\"column-1\">16<\/td><td class=\"column-2\">GM1280<\/td><td class=\"column-3\"><\/td><td class=\"column-4\"><\/td><td class=\"column-5\">FT-1000MP<\/td><td class=\"column-6\"><\/td>\n<\/tr>\n<tr class=\"row-18\">\n\t<td class=\"column-1\">17<\/td><td class=\"column-2\">CP040<\/td><td class=\"column-3\"><\/td><td class=\"column-4\"><\/td><td class=\"column-5\"><\/td><td class=\"column-6\"><\/td>\n<\/tr>\n<tr class=\"row-19\">\n\t<td class=\"column-1\">18<\/td><td class=\"column-2\">CP140<\/td><td class=\"column-3\"><\/td><td class=\"column-4\"><\/td><td class=\"column-5\"><\/td><td class=\"column-6\"><\/td>\n<\/tr>\n<tr class=\"row-20\">\n\t<td class=\"column-1\">19<\/td><td class=\"column-2\">CP340<\/td><td class=\"column-3\"><\/td><td class=\"column-4\"><\/td><td class=\"column-5\"><\/td><td class=\"column-6\"><\/td>\n<\/tr>\n<tr class=\"row-21\">\n\t<td class=\"column-1\">20<\/td><td class=\"column-2\">CM140<\/td><td class=\"column-3\"><\/td><td class=\"column-4\"><\/td><td class=\"column-5\"><\/td><td class=\"column-6\"><\/td>\n<\/tr>\n<tr class=\"row-22\">\n\t<td class=\"column-1\">21<\/td><td class=\"column-2\">CM160<\/td><td class=\"column-3\"><\/td><td class=\"column-4\"><\/td><td class=\"column-5\"><\/td><td class=\"column-6\"><\/td>\n<\/tr>\n<tr class=\"row-23\">\n\t<td class=\"column-1\">22<\/td><td class=\"column-2\">CM340<\/td><td class=\"column-3\"><\/td><td class=\"column-4\"><\/td><td class=\"column-5\"><\/td><td class=\"column-6\"><\/td>\n<\/tr>\n<tr class=\"row-24\">\n\t<td class=\"column-1\">23<\/td><td class=\"column-2\">DP3400<\/td><td class=\"column-3\"><\/td><td class=\"column-4\"><\/td><td class=\"column-5\"><\/td><td class=\"column-6\"><\/td>\n<\/tr>\n<tr class=\"row-25\">\n\t<td class=\"column-1\">24<\/td><td class=\"column-2\">DP3401<\/td><td class=\"column-3\"><\/td><td class=\"column-4\"><\/td><td class=\"column-5\"><\/td><td class=\"column-6\"><\/td>\n<\/tr>\n<tr class=\"row-26\">\n\t<td class=\"column-1\">25<\/td><td class=\"column-2\">DP3600<\/td><td class=\"column-3\"><\/td><td class=\"column-4\"><\/td><td class=\"column-5\"><\/td><td class=\"column-6\"><\/td>\n<\/tr>\n<tr class=\"row-27\">\n\t<td class=\"column-1\">26<\/td><td class=\"column-2\">DP3601<\/td><td class=\"column-3\"><\/td><td class=\"column-4\"><\/td><td class=\"column-5\"><\/td><td class=\"column-6\"><\/td>\n<\/tr>\n<tr class=\"row-28\">\n\t<td class=\"column-1\">27<\/td><td class=\"column-2\">DM3400<\/td><td class=\"column-3\"><\/td><td class=\"column-4\"><\/td><td class=\"column-5\"><\/td><td class=\"column-6\"><\/td>\n<\/tr>\n<tr class=\"row-29\">\n\t<td class=\"column-1\">28<\/td><td class=\"column-2\">DM3600<\/td><td class=\"column-3\"><\/td><td class=\"column-4\"><\/td><td class=\"column-5\"><\/td><td class=\"column-6\"><\/td>\n<\/tr>\n<tr class=\"row-30\">\n\t<td class=\"column-1\">29<\/td><td class=\"column-2\">DR3000<\/td><td class=\"column-3\"><\/td><td class=\"column-4\"><\/td><td class=\"column-5\"><\/td><td class=\"column-6\"><\/td>\n<\/tr>\n<tr class=\"row-31\">\n\t<td class=\"column-1\">30<\/td><td class=\"column-2\">SLR-5500<\/td><td class=\"column-3\"><\/td><td class=\"column-4\"><\/td><td class=\"column-5\"><\/td><td class=\"column-6\"><\/td>\n<\/tr>\n<tr class=\"row-32\">\n\t<td class=\"column-1\">31<\/td><td class=\"column-2\">SL-4000<\/td><td class=\"column-3\"><\/td><td class=\"column-4\"><\/td><td class=\"column-5\"><\/td><td class=\"column-6\"><\/td>\n<\/tr>\n<tr class=\"row-33\">\n\t<td class=\"column-1\">32<\/td><td class=\"column-2\">DP4801<\/td><td class=\"column-3\"><\/td><td class=\"column-4\"><\/td><td class=\"column-5\"><\/td><td class=\"column-6\"><\/td>\n<\/tr>\n<tr class=\"row-34\">\n\t<td class=\"column-1\">33<\/td><td class=\"column-2\">DP4601<\/td><td class=\"column-3\"><\/td><td class=\"column-4\"><\/td><td class=\"column-5\"><\/td><td class=\"column-6\"><\/td>\n<\/tr>\n<tr class=\"row-35\">\n\t<td class=\"column-1\">34<\/td><td class=\"column-2\">MTM5400<\/td><td class=\"column-3\"><\/td><td class=\"column-4\"><\/td><td class=\"column-5\"><\/td><td class=\"column-6\"><\/td>\n<\/tr>\n<tr class=\"row-36\">\n\t<td class=\"column-1\">35<\/td><td class=\"column-2\">DP4801e<\/td><td class=\"column-3\"><\/td><td class=\"column-4\"><\/td><td class=\"column-5\"><\/td><td class=\"column-6\"><\/td>\n<\/tr>\n<\/tbody>\n<\/table>\n<!-- #tablepress-4 from cache -->\n","protected":false},"excerpt":{"rendered":"<p>V sou\u010dasn\u00e9 dob\u011b bohu\u017eel nep\u0159ij\u00edm\u00e1m dal\u0161\u00ed opravy&#8230; N\u011bkolik obr\u00e1zk\u016f m\u00e9ho z\u00e1zem\u00ed&#8230; Spektr\u00e1ln\u00ed analyz\u00e1tor &#8211; Rohde&amp;Schwarz FSB &#8211; 100Hz &#8211; 5,2GHz Spektr\u00e1ln\u00ed analyz\u00e1tor s tracking gener\u00e1torem 50kHz &#8211; 3,2GHz (Scotty spectrum analyser) Vf gener\u00e1tor G4-116 do 300MHz Osciloskop Rohde &amp; Schwarz <a class=\"more-link\" href=\"https:\/\/ok2haz.ok2kld.cz\/ok2haz\/servis-ham\/\">Pokra\u010duj ve \u010dten\u00ed \u2192<\/a><\/p>\n","protected":false},"author":1,"featured_media":1983,"parent":0,"menu_order":0,"comment_status":"closed","ping_status":"closed","template":"","meta":{"footnotes":""},"class_list":["post-1416","page","type-page","status-publish","has-post-thumbnail","hentry"],"_links":{"self":[{"href":"https:\/\/ok2haz.ok2kld.cz\/ok2haz\/wp-json\/wp\/v2\/pages\/1416","targetHints":{"allow":["GET"]}}],"collection":[{"href":"https:\/\/ok2haz.ok2kld.cz\/ok2haz\/wp-json\/wp\/v2\/pages"}],"about":[{"href":"https:\/\/ok2haz.ok2kld.cz\/ok2haz\/wp-json\/wp\/v2\/types\/page"}],"author":[{"embeddable":true,"href":"https:\/\/ok2haz.ok2kld.cz\/ok2haz\/wp-json\/wp\/v2\/users\/1"}],"replies":[{"embeddable":true,"href":"https:\/\/ok2haz.ok2kld.cz\/ok2haz\/wp-json\/wp\/v2\/comments?post=1416"}],"version-history":[{"count":40,"href":"https:\/\/ok2haz.ok2kld.cz\/ok2haz\/wp-json\/wp\/v2\/pages\/1416\/revisions"}],"predecessor-version":[{"id":3828,"href":"https:\/\/ok2haz.ok2kld.cz\/ok2haz\/wp-json\/wp\/v2\/pages\/1416\/revisions\/3828"}],"wp:featuredmedia":[{"embeddable":true,"href":"https:\/\/ok2haz.ok2kld.cz\/ok2haz\/wp-json\/wp\/v2\/media\/1983"}],"wp:attachment":[{"href":"https:\/\/ok2haz.ok2kld.cz\/ok2haz\/wp-json\/wp\/v2\/media?parent=1416"}],"curies":[{"name":"wp","href":"https:\/\/api.w.org\/{rel}","templated":true}]}}